{"id":40,"date":"2022-05-20T16:22:46","date_gmt":"2022-05-20T16:22:46","guid":{"rendered":"http:\/\/domitilledsophrologue.fr\/?page_id=40"},"modified":"2024-06-24T18:20:52","modified_gmt":"2024-06-24T18:20:52","slug":"seances-tarifs","status":"publish","type":"page","link":"https:\/\/domitilledsophrologue.fr\/?page_id=40","title":{"rendered":"S\u00e9ances &#038; Tarifs"},"content":{"rendered":"\t\t<div data-elementor-type=\"wp-page\" data-elementor-id=\"40\" class=\"elementor elementor-40\">\n\t\t\t\t\t\t\t\t\t<section class=\"elementor-section elementor-top-section elementor-element elementor-element-8ba72d9 elementor-section-boxed elementor-section-height-default elementor-section-height-default\" data-id=\"8ba72d9\" data-element_type=\"section\" data-settings=\"{&quot;background_background&quot;:&quot;classic&quot;}\">\n\t\t\t\t\t\t<div class=\"elementor-container elementor-column-gap-default\">\n\t\t\t\t\t<div class=\"elementor-column elementor-col-100 elementor-top-column elementor-element elementor-element-14f1955\" data-id=\"14f1955\" data-element_type=\"column\" data-settings=\"{&quot;background_background&quot;:&quot;classic&quot;}\">\n\t\t\t<div class=\"elementor-widget-wrap elementor-element-populated\">\n\t\t\t\t\t\t\t\t<div class=\"elementor-element elementor-element-edb7baf elementor-widget elementor-widget-heading\" data-id=\"edb7baf\" data-element_type=\"widget\" data-widget_type=\"heading.default\">\n\t\t\t\t<div class=\"elementor-widget-container\">\n\t\t\t<style>\/*! elementor - v3.6.5 - 27-04-2022 *\/\n.elementor-heading-title{padding:0;margin:0;line-height:1}.elementor-widget-heading .elementor-heading-title[class*=elementor-size-]>a{color:inherit;font-size:inherit;line-height:inherit}.elementor-widget-heading .elementor-heading-title.elementor-size-small{font-size:15px}.elementor-widget-heading .elementor-heading-title.elementor-size-medium{font-size:19px}.elementor-widget-heading .elementor-heading-title.elementor-size-large{font-size:29px}.elementor-widget-heading .elementor-heading-title.elementor-size-xl{font-size:39px}.elementor-widget-heading .elementor-heading-title.elementor-size-xxl{font-size:59px}<\/style><h2 class=\"elementor-heading-title elementor-size-xxl\">S\u00e9ances & Tarifs<\/h2>\t\t<\/div>\n\t\t\t\t<\/div>\n\t\t\t\t\t<\/div>\n\t\t<\/div>\n\t\t\t\t\t\t\t<\/div>\n\t\t<\/section>\n\t\t\t\t<section class=\"elementor-section elementor-top-section elementor-element elementor-element-949568f elementor-section-boxed elementor-section-height-default elementor-section-height-default\" data-id=\"949568f\" data-element_type=\"section\" data-settings=\"{&quot;background_background&quot;:&quot;classic&quot;}\">\n\t\t\t\t\t\t<div class=\"elementor-container elementor-column-gap-default\">\n\t\t\t\t\t<div class=\"elementor-column elementor-col-100 elementor-top-column elementor-element elementor-element-bc0f473\" data-id=\"bc0f473\" data-element_type=\"column\" data-settings=\"{&quot;background_background&quot;:&quot;classic&quot;}\">\n\t\t\t<div class=\"elementor-widget-wrap elementor-element-populated\">\n\t\t\t\t\t\t\t\t<div class=\"elementor-element elementor-element-295d5cf elementor-widget elementor-widget-text-editor\" data-id=\"295d5cf\" data-element_type=\"widget\" data-widget_type=\"text-editor.default\">\n\t\t\t\t<div class=\"elementor-widget-container\">\n\t\t\t<style>\/*! elementor - v3.6.5 - 27-04-2022 *\/\n.elementor-widget-text-editor.elementor-drop-cap-view-stacked .elementor-drop-cap{background-color:#818a91;color:#fff}.elementor-widget-text-editor.elementor-drop-cap-view-framed .elementor-drop-cap{color:#818a91;border:3px solid;background-color:transparent}.elementor-widget-text-editor:not(.elementor-drop-cap-view-default) .elementor-drop-cap{margin-top:8px}.elementor-widget-text-editor:not(.elementor-drop-cap-view-default) .elementor-drop-cap-letter{width:1em;height:1em}.elementor-widget-text-editor .elementor-drop-cap{float:left;text-align:center;line-height:1;font-size:50px}.elementor-widget-text-editor .elementor-drop-cap-letter{display:inline-block}<\/style>\t\t\t\t<p><span style=\"color: #ffffff;\"><strong><span style=\"font-size: large;\"><span style=\"text-decoration: underline;\">S<\/span><u><span style=\"text-decoration: underline;\">o<\/span>phrologie :<\/u><\/span><\/strong><\/span><\/p><p><span style=\"font-size: large; color: #ffffff;\">La premi\u00e8re s\u00e9ance, qui dure en moyenne 1h15-1h30, permet de faire<\/span><span style=\"font-size: large;\"> <\/span><span style=\"font-size: large; color: #ffffff;\">connaissance et de conna\u00eetre votre probl\u00e9matique afin que je<\/span><span style=\"font-size: large;\"> <\/span><span style=\"font-size: large; color: #ffffff;\">puisse \u00e9tablir un protocole pour les s\u00e9ances suivantes. Ce protocole peut \u00eatre ajust\u00e9<\/span><span style=\"font-size: large;\"> <\/span><span style=\"font-size: large; color: #ffffff;\">selon votre rythme et vos besoins.<\/span><\/p><p align=\"JUSTIFY\" style=\"margin-bottom: 0cm;\"><span style=\"font-size: large;\"><span style=\"color: #ffffff;\">Les s\u00e9ances suivantes durent 1 heure et se d\u00e9roulent toutes en<\/span> <span style=\"color: #ffffff;\">d\u00e9butant par un temps d&rsquo;\u00e9change, un temps consacr\u00e9 aux exercices de sophrologie et un dernier temps de parole.<\/span><\/span><\/p><p align=\"JUSTIFY\" style=\"margin-bottom: 0cm;\"><span style=\"font-size: large;\">\u00a0<\/span><\/p><p align=\"JUSTIFY\" style=\"margin-bottom: 0cm;\"><span style=\"font-size: large; color: #ffffff;\">Premi\u00e8re s\u00e9ance\u00a0: 60 euros.<\/span><\/p><p align=\"JUSTIFY\" style=\"margin-bottom: 0cm;\"><span style=\"font-size: large; color: #ffffff;\">S\u00e9ances suivantes\u00a0: 50 euros.<\/span><\/p><p align=\"JUSTIFY\" style=\"margin-bottom: 0cm;\"><span style=\"color: #ffffff; font-size: large;\">\u00a0 \u00a0 \u00a0 \u00a0 \u00a0 \u00a0<\/span><\/p><p align=\"JUSTIFY\" style=\"margin-bottom: 0cm;\"><span style=\"font-size: large; color: #ffffff;\"><b><u>Th\u00e9rapie intuitive :<\/u><\/b><\/span><\/p><p align=\"JUSTIFY\" style=\"margin-bottom: 0cm;\"><span style=\"color: #ffffff;\">La s\u00e9ance dure 1 heure et co\u00fbte 60 euros.<\/span><\/p><p align=\"JUSTIFY\" style=\"margin-bottom: 0cm;\"><span style=\"color: #ffffff;\">\u00a0<\/span><\/p><p align=\"JUSTIFY\" style=\"margin-bottom: 0cm; font-size: 18px;\"><span style=\"font-family: var( --e-global-typography-text-font-family ), Sans-serif; font-size: large; color: #ffffff;\">Il s&rsquo;agit de pratiques non r\u00e9glement\u00e9es et de ce fait, elle n&rsquo;est pas prise en charge par la s\u00e9curit\u00e9 sociale.<\/span><\/p><p align=\"JUSTIFY\" style=\"margin-bottom: 0cm; font-size: 18px;\"><span style=\"font-size: large; color: #ffffff;\">Certaines mutuelles remboursent des s\u00e9ances.<\/span><\/p>\t\t\t\t\t\t<\/div>\n\t\t\t\t<\/div>\n\t\t\t\t\t<\/div>\n\t\t<\/div>\n\t\t\t\t\t\t\t<\/div>\n\t\t<\/section>\n\t\t\t\t<section class=\"elementor-section elementor-top-section elementor-element elementor-element-c13e47d elementor-section-boxed elementor-section-height-default elementor-section-height-default\" data-id=\"c13e47d\" data-element_type=\"section\" data-settings=\"{&quot;background_background&quot;:&quot;classic&quot;}\">\n\t\t\t\t\t\t<div class=\"elementor-container elementor-column-gap-default\">\n\t\t\t\t\t<div class=\"elementor-column elementor-col-100 elementor-top-column elementor-element elementor-element-038be6f\" data-id=\"038be6f\" data-element_type=\"column\" data-settings=\"{&quot;background_background&quot;:&quot;classic&quot;}\">\n\t\t\t<div class=\"elementor-widget-wrap elementor-element-populated\">\n\t\t\t\t\t\t\t\t<div class=\"elementor-element elementor-element-65c12c7 elementor-widget elementor-widget-image\" data-id=\"65c12c7\" data-element_type=\"widget\" data-widget_type=\"image.default\">\n\t\t\t\t<div class=\"elementor-widget-container\">\n\t\t\t<style>\/*! elementor - v3.6.5 - 27-04-2022 *\/\n.elementor-widget-image{text-align:center}.elementor-widget-image a{display:inline-block}.elementor-widget-image a img[src$=\".svg\"]{width:48px}.elementor-widget-image img{vertical-align:middle;display:inline-block}<\/style>\t\t\t\t\t\t\t\t\t\t\t\t<img width=\"750\" height=\"500\" src=\"https:\/\/domitilledsophrologue.fr\/wp-content\/uploads\/2023\/04\/coquelicot-1.jpg\" class=\"attachment-large size-large\" alt=\"\" loading=\"lazy\" srcset=\"https:\/\/domitilledsophrologue.fr\/wp-content\/uploads\/2023\/04\/coquelicot-1.jpg 960w, https:\/\/domitilledsophrologue.fr\/wp-content\/uploads\/2023\/04\/coquelicot-1-300x200.jpg 300w, https:\/\/domitilledsophrologue.fr\/wp-content\/uploads\/2023\/04\/coquelicot-1-768x512.jpg 768w, https:\/\/domitilledsophrologue.fr\/wp-content\/uploads\/2023\/04\/coquelicot-1-360x240.jpg 360w\" sizes=\"(max-width: 750px) 100vw, 750px\" \/>\t\t\t\t\t\t\t\t\t\t\t\t\t\t\t<\/div>\n\t\t\t\t<\/div>\n\t\t\t\t\t<\/div>\n\t\t<\/div>\n\t\t\t\t\t\t\t<\/div>\n\t\t<\/section>\n\t\t\t\t<section class=\"elementor-section elementor-top-section elementor-element elementor-element-426d0d3 elementor-section-boxed elementor-section-height-default elementor-section-height-default\" data-id=\"426d0d3\" data-element_type=\"section\" data-settings=\"{&quot;background_background&quot;:&quot;classic&quot;}\">\n\t\t\t\t\t\t<div class=\"elementor-container elementor-column-gap-default\">\n\t\t\t\t\t<div class=\"elementor-column elementor-col-100 elementor-top-column elementor-element elementor-element-caa51a3\" data-id=\"caa51a3\" data-element_type=\"column\" data-settings=\"{&quot;background_background&quot;:&quot;classic&quot;}\">\n\t\t\t<div class=\"elementor-widget-wrap elementor-element-populated\">\n\t\t\t\t\t\t\t\t<div class=\"elementor-element elementor-element-9cda706 elementor-widget elementor-widget-spacer\" data-id=\"9cda706\" data-element_type=\"widget\" data-widget_type=\"spacer.default\">\n\t\t\t\t<div class=\"elementor-widget-container\">\n\t\t\t<style>\/*! elementor - v3.6.5 - 27-04-2022 *\/\n.e-container.e-container--row .elementor-spacer-inner{width:var(--spacer-size)}.e-container.e-container--column .elementor-spacer-inner,.elementor-column .elementor-spacer-inner{height:var(--spacer-size)}<\/style>\t\t<div class=\"elementor-spacer\">\n\t\t\t<div class=\"elementor-spacer-inner\"><\/div>\n\t\t<\/div>\n\t\t\t\t<\/div>\n\t\t\t\t<\/div>\n\t\t\t\t\t<\/div>\n\t\t<\/div>\n\t\t\t\t\t\t\t<\/div>\n\t\t<\/section>\n\t\t\t\t\t\t\t<\/div>\n\t\t","protected":false},"excerpt":{"rendered":"<p>S\u00e9ances &amp; Tarifs Sophrologie : La premi\u00e8re s\u00e9ance, qui dure en moyenne 1h15-1h30, permet de faire connaissance et de conna\u00eetre votre probl\u00e9matique afin que je puisse \u00e9tablir un protocole pour les s\u00e9ances suivantes. Ce protocole peut \u00eatre ajust\u00e9 selon votre rythme et vos besoins. Les s\u00e9ances suivantes durent 1 heure [&hellip;]<\/p>\n","protected":false},"author":1,"featured_media":0,"parent":0,"menu_order":0,"comment_status":"closed","ping_status":"closed","template":"page-templates\/template-pagebuilder-full-width.php","meta":{"om_disable_all_campaigns":false,"_monsterinsights_skip_tracking":false,"_monsterinsights_sitenote_active":false,"_monsterinsights_sitenote_note":"","_monsterinsights_sitenote_category":0},"_links":{"self":[{"href":"https:\/\/domitilledsophrologue.fr\/index.php?rest_route=\/wp\/v2\/pages\/40"}],"collection":[{"href":"https:\/\/domitilledsophrologue.fr\/index.php?rest_route=\/wp\/v2\/pages"}],"about":[{"href":"https:\/\/domitilledsophrologue.fr\/index.php?rest_route=\/wp\/v2\/types\/page"}],"author":[{"embeddable":true,"href":"https:\/\/domitilledsophrologue.fr\/index.php?rest_route=\/wp\/v2\/users\/1"}],"replies":[{"embeddable":true,"href":"https:\/\/domitilledsophrologue.fr\/index.php?rest_route=%2Fwp%2Fv2%2Fcomments&post=40"}],"version-history":[{"count":87,"href":"https:\/\/domitilledsophrologue.fr\/index.php?rest_route=\/wp\/v2\/pages\/40\/revisions"}],"predecessor-version":[{"id":603,"href":"https:\/\/domitilledsophrologue.fr\/index.php?rest_route=\/wp\/v2\/pages\/40\/revisions\/603"}],"wp:attachment":[{"href":"https:\/\/domitilledsophrologue.fr\/index.php?rest_route=%2Fwp%2Fv2%2Fmedia&parent=40"}],"curies":[{"name":"wp","href":"https:\/\/api.w.org\/{rel}","templated":true}]}}