{"id":359,"date":"2023-04-18T10:49:32","date_gmt":"2023-04-18T10:49:32","guid":{"rendered":"https:\/\/domitilledsophrologue.fr\/?page_id=359"},"modified":"2024-06-24T17:34:02","modified_gmt":"2024-06-24T17:34:02","slug":"elementor-359","status":"publish","type":"page","link":"https:\/\/domitilledsophrologue.fr\/?page_id=359","title":{"rendered":"Accompagnement holistique"},"content":{"rendered":"\t\t<div data-elementor-type=\"wp-page\" data-elementor-id=\"359\" class=\"elementor elementor-359\">\n\t\t\t\t\t\t\t\t\t<section class=\"elementor-section elementor-top-section elementor-element elementor-element-0dbf535 elementor-section-boxed elementor-section-height-default elementor-section-height-default\" data-id=\"0dbf535\" data-element_type=\"section\">\n\t\t\t\t\t\t<div class=\"elementor-container elementor-column-gap-default\">\n\t\t\t\t\t<div class=\"elementor-column elementor-col-100 elementor-top-column elementor-element elementor-element-ae0ec68\" data-id=\"ae0ec68\" data-element_type=\"column\" data-settings=\"{&quot;background_background&quot;:&quot;classic&quot;}\">\n\t\t\t<div class=\"elementor-widget-wrap elementor-element-populated\">\n\t\t\t\t\t\t\t\t<div class=\"elementor-element elementor-element-977d326 elementor-widget elementor-widget-heading\" data-id=\"977d326\" data-element_type=\"widget\" data-widget_type=\"heading.default\">\n\t\t\t\t<div class=\"elementor-widget-container\">\n\t\t\t<style>\/*! elementor - v3.6.5 - 27-04-2022 *\/\n.elementor-heading-title{padding:0;margin:0;line-height:1}.elementor-widget-heading .elementor-heading-title[class*=elementor-size-]>a{color:inherit;font-size:inherit;line-height:inherit}.elementor-widget-heading .elementor-heading-title.elementor-size-small{font-size:15px}.elementor-widget-heading .elementor-heading-title.elementor-size-medium{font-size:19px}.elementor-widget-heading .elementor-heading-title.elementor-size-large{font-size:29px}.elementor-widget-heading .elementor-heading-title.elementor-size-xl{font-size:39px}.elementor-widget-heading .elementor-heading-title.elementor-size-xxl{font-size:59px}<\/style><h2 class=\"elementor-heading-title elementor-size-xxl\">Accompagnement holistique<\/h2>\t\t<\/div>\n\t\t\t\t<\/div>\n\t\t\t\t\t<\/div>\n\t\t<\/div>\n\t\t\t\t\t\t\t<\/div>\n\t\t<\/section>\n\t\t\t\t<section class=\"elementor-section elementor-top-section elementor-element elementor-element-3ac6c1a elementor-section-boxed elementor-section-height-default elementor-section-height-default\" data-id=\"3ac6c1a\" data-element_type=\"section\">\n\t\t\t\t\t\t<div class=\"elementor-container elementor-column-gap-default\">\n\t\t\t\t\t<div class=\"elementor-column elementor-col-100 elementor-top-column elementor-element elementor-element-9249153\" data-id=\"9249153\" data-element_type=\"column\">\n\t\t\t<div class=\"elementor-widget-wrap elementor-element-populated\">\n\t\t\t\t\t\t\t\t<section class=\"elementor-section elementor-inner-section elementor-element elementor-element-6dd9bb8 elementor-section-full_width elementor-section-height-default elementor-section-height-default\" data-id=\"6dd9bb8\" data-element_type=\"section\">\n\t\t\t\t\t\t<div class=\"elementor-container elementor-column-gap-default\">\n\t\t\t\t\t<div class=\"elementor-column elementor-col-50 elementor-inner-column elementor-element elementor-element-d0133a5\" data-id=\"d0133a5\" data-element_type=\"column\" data-settings=\"{&quot;background_background&quot;:&quot;classic&quot;}\">\n\t\t\t<div class=\"elementor-widget-wrap elementor-element-populated\">\n\t\t\t\t\t\t\t\t<div class=\"elementor-element elementor-element-e8862e9 elementor-widget elementor-widget-text-editor\" data-id=\"e8862e9\" data-element_type=\"widget\" data-widget_type=\"text-editor.default\">\n\t\t\t\t<div class=\"elementor-widget-container\">\n\t\t\t<style>\/*! elementor - v3.6.5 - 27-04-2022 *\/\n.elementor-widget-text-editor.elementor-drop-cap-view-stacked .elementor-drop-cap{background-color:#818a91;color:#fff}.elementor-widget-text-editor.elementor-drop-cap-view-framed .elementor-drop-cap{color:#818a91;border:3px solid;background-color:transparent}.elementor-widget-text-editor:not(.elementor-drop-cap-view-default) .elementor-drop-cap{margin-top:8px}.elementor-widget-text-editor:not(.elementor-drop-cap-view-default) .elementor-drop-cap-letter{width:1em;height:1em}.elementor-widget-text-editor .elementor-drop-cap{float:left;text-align:center;line-height:1;font-size:50px}.elementor-widget-text-editor .elementor-drop-cap-letter{display:inline-block}<\/style>\t\t\t\t<p>L&rsquo; accompagnement holistique est une technique psycho-\u00e9nerg\u00e9tique, br\u00e8ve et holistique au service de la transformation. Il permet de se lib\u00e9rer de ses conflits int\u00e9rieurs et ext\u00e9rieurs au niveau physique, \u00e9motionnel et psychologique. Il permet un changement profond en \u00ab\u00a0lisant\u00a0\u00bb les informations n\u00e9cessaires et v\u00e9ritables dans votre inconscient. A savoir que notre vie est gouvern\u00e9e \u00e0 95% par notre inconscient. Il est \u00ab\u00a0l&rsquo;automate\u00a0\u00bb qui fait tout ce pour quoi il a \u00e9t\u00e9 programm\u00e9, sans que l&rsquo;on s&rsquo;en rende compte. Ainsi, l&rsquo;accompagnement holistique permet d&rsquo;acc\u00e9der \u00e0 une vie plus harmonieuse et plus \u00e9panouissante.<\/p><p>Il s&rsquo;adresse pour tout \u00e2ge : enfant, adolescent, adulte et s\u00e9nior.<\/p><p><span style=\"font-size: inherit;\">Le concept est donc d&rsquo;acc\u00e9der,\u00a0\u00a0<\/span>avec votre accord au pr\u00e9alable,\u00a0<span style=\"font-size: inherit;\">\u00e0 votre inconscient. A l&rsquo;aide de mes sens subtils j&rsquo;obtiens les informations n\u00e9cessaires et propres \u00e0 vous-m\u00eame afin de solutionner la probl\u00e9matique pour laquelle vous venez me consulter. Je vous accompagne afin de vous en lib\u00e9rer et tendre vers la transformation souhait\u00e9e. Et ainsi atteindre un mieux-\u00eatre, un meilleur \u00e9panouissement dans votre vie.<\/span><\/p><p><span style=\"font-size: inherit;\">Tout ceci se d\u00e9roule dans la bienveillance, le non-jugement et le respect.<\/span><\/p><p>Il peut intervenir sur tout sujet, il n&rsquo;y a pas de limite d&rsquo;objectifs. Il fonctionne pour les peurs, les phobies, les troubles du sommeil, les sch\u00e9mas r\u00e9p\u00e9titifs, les probl\u00e8mes relationnels, les maux physiques (douleur, plaque, etc), les d\u00e9pressions, les addictions et plein d&rsquo;autres sujets encore !<\/p><p>C&rsquo;est une m\u00e9thode vraiment extraordinaire et puissante !<\/p><p>Au m\u00eame titre que la sophrologie, mon accompagnement holistique se fait dans la bienveillance, l&rsquo;\u00e9coute, le non-jugement, en toute s\u00e9r\u00e9nit\u00e9 et avec douceur.<\/p>\t\t\t\t\t\t<\/div>\n\t\t\t\t<\/div>\n\t\t\t\t\t<\/div>\n\t\t<\/div>\n\t\t\t\t<div class=\"elementor-column elementor-col-50 elementor-inner-column elementor-element elementor-element-259aa93\" data-id=\"259aa93\" data-element_type=\"column\" data-settings=\"{&quot;background_background&quot;:&quot;classic&quot;}\">\n\t\t\t<div class=\"elementor-widget-wrap elementor-element-populated\">\n\t\t\t\t\t\t\t\t<div class=\"elementor-element elementor-element-4eea7c9 elementor-widget elementor-widget-spacer\" data-id=\"4eea7c9\" data-element_type=\"widget\" data-widget_type=\"spacer.default\">\n\t\t\t\t<div class=\"elementor-widget-container\">\n\t\t\t<style>\/*! elementor - v3.6.5 - 27-04-2022 *\/\n.e-container.e-container--row .elementor-spacer-inner{width:var(--spacer-size)}.e-container.e-container--column .elementor-spacer-inner,.elementor-column .elementor-spacer-inner{height:var(--spacer-size)}<\/style>\t\t<div class=\"elementor-spacer\">\n\t\t\t<div class=\"elementor-spacer-inner\"><\/div>\n\t\t<\/div>\n\t\t\t\t<\/div>\n\t\t\t\t<\/div>\n\t\t\t\t<div class=\"elementor-element elementor-element-1adfe2d elementor-widget elementor-widget-image\" data-id=\"1adfe2d\" data-element_type=\"widget\" data-widget_type=\"image.default\">\n\t\t\t\t<div class=\"elementor-widget-container\">\n\t\t\t<style>\/*! elementor - v3.6.5 - 27-04-2022 *\/\n.elementor-widget-image{text-align:center}.elementor-widget-image a{display:inline-block}.elementor-widget-image a img[src$=\".svg\"]{width:48px}.elementor-widget-image img{vertical-align:middle;display:inline-block}<\/style>\t\t\t\t\t\t\t\t\t\t\t\t<img width=\"750\" height=\"422\" src=\"https:\/\/domitilledsophrologue.fr\/wp-content\/uploads\/2023\/04\/papillon.jpg\" class=\"attachment-large size-large\" alt=\"\" loading=\"lazy\" srcset=\"https:\/\/domitilledsophrologue.fr\/wp-content\/uploads\/2023\/04\/papillon.jpg 960w, https:\/\/domitilledsophrologue.fr\/wp-content\/uploads\/2023\/04\/papillon-300x169.jpg 300w, https:\/\/domitilledsophrologue.fr\/wp-content\/uploads\/2023\/04\/papillon-768x432.jpg 768w\" sizes=\"(max-width: 750px) 100vw, 750px\" \/>\t\t\t\t\t\t\t\t\t\t\t\t\t\t\t<\/div>\n\t\t\t\t<\/div>\n\t\t\t\t\t<\/div>\n\t\t<\/div>\n\t\t\t\t\t\t\t<\/div>\n\t\t<\/section>\n\t\t\t\t\t<\/div>\n\t\t<\/div>\n\t\t\t\t\t\t\t<\/div>\n\t\t<\/section>\n\t\t\t\t<section class=\"elementor-section elementor-top-section elementor-element elementor-element-1e9d5e5 elementor-section-boxed elementor-section-height-default elementor-section-height-default\" data-id=\"1e9d5e5\" data-element_type=\"section\">\n\t\t\t\t\t\t<div class=\"elementor-container elementor-column-gap-default\">\n\t\t\t\t\t<div class=\"elementor-column elementor-col-100 elementor-top-column elementor-element elementor-element-d92dfc0\" data-id=\"d92dfc0\" data-element_type=\"column\" data-settings=\"{&quot;background_background&quot;:&quot;classic&quot;}\">\n\t\t\t<div class=\"elementor-widget-wrap elementor-element-populated\">\n\t\t\t\t\t\t\t\t<div class=\"elementor-element elementor-element-18f2818 elementor-widget elementor-widget-spacer\" data-id=\"18f2818\" data-element_type=\"widget\" data-widget_type=\"spacer.default\">\n\t\t\t\t<div class=\"elementor-widget-container\">\n\t\t\t\t\t<div class=\"elementor-spacer\">\n\t\t\t<div class=\"elementor-spacer-inner\"><\/div>\n\t\t<\/div>\n\t\t\t\t<\/div>\n\t\t\t\t<\/div>\n\t\t\t\t\t<\/div>\n\t\t<\/div>\n\t\t\t\t\t\t\t<\/div>\n\t\t<\/section>\n\t\t\t\t\t\t\t<\/div>\n\t\t","protected":false},"excerpt":{"rendered":"<p>Accompagnement holistique L&rsquo; accompagnement holistique est une technique psycho-\u00e9nerg\u00e9tique, br\u00e8ve et holistique au service de la transformation. Il permet de se lib\u00e9rer de ses conflits int\u00e9rieurs et ext\u00e9rieurs au niveau physique, \u00e9motionnel et psychologique. Il permet un changement profond en \u00ab\u00a0lisant\u00a0\u00bb les informations n\u00e9cessaires et v\u00e9ritables dans votre inconscient. A [&hellip;]<\/p>\n","protected":false},"author":1,"featured_media":0,"parent":0,"menu_order":0,"comment_status":"closed","ping_status":"closed","template":"page-templates\/template-pagebuilder-full-width.php","meta":{"om_disable_all_campaigns":false,"_monsterinsights_skip_tracking":false,"_monsterinsights_sitenote_active":false,"_monsterinsights_sitenote_note":"","_monsterinsights_sitenote_category":0},"_links":{"self":[{"href":"https:\/\/domitilledsophrologue.fr\/index.php?rest_route=\/wp\/v2\/pages\/359"}],"collection":[{"href":"https:\/\/domitilledsophrologue.fr\/index.php?rest_route=\/wp\/v2\/pages"}],"about":[{"href":"https:\/\/domitilledsophrologue.fr\/index.php?rest_route=\/wp\/v2\/types\/page"}],"author":[{"embeddable":true,"href":"https:\/\/domitilledsophrologue.fr\/index.php?rest_route=\/wp\/v2\/users\/1"}],"replies":[{"embeddable":true,"href":"https:\/\/domitilledsophrologue.fr\/index.php?rest_route=%2Fwp%2Fv2%2Fcomments&post=359"}],"version-history":[{"count":126,"href":"https:\/\/domitilledsophrologue.fr\/index.php?rest_route=\/wp\/v2\/pages\/359\/revisions"}],"predecessor-version":[{"id":589,"href":"https:\/\/domitilledsophrologue.fr\/index.php?rest_route=\/wp\/v2\/pages\/359\/revisions\/589"}],"wp:attachment":[{"href":"https:\/\/domitilledsophrologue.fr\/index.php?rest_route=%2Fwp%2Fv2%2Fmedia&parent=359"}],"curies":[{"name":"wp","href":"https:\/\/api.w.org\/{rel}","templated":true}]}}