{"id":30,"date":"2022-05-20T16:22:29","date_gmt":"2022-05-20T16:22:29","guid":{"rendered":"http:\/\/domitilledsophrologue.fr\/?page_id=30"},"modified":"2024-06-24T17:22:46","modified_gmt":"2024-06-24T17:22:46","slug":"qui-suis-je","status":"publish","type":"page","link":"https:\/\/domitilledsophrologue.fr\/?page_id=30","title":{"rendered":"Qui suis-je ?"},"content":{"rendered":"\t\t<div data-elementor-type=\"wp-page\" data-elementor-id=\"30\" class=\"elementor elementor-30\">\n\t\t\t\t\t\t\t\t\t<section class=\"elementor-section elementor-top-section elementor-element elementor-element-a2cde25 elementor-section-boxed elementor-section-height-default elementor-section-height-default\" data-id=\"a2cde25\" data-element_type=\"section\" data-settings=\"{&quot;background_background&quot;:&quot;classic&quot;}\">\n\t\t\t\t\t\t<div class=\"elementor-container elementor-column-gap-default\">\n\t\t\t\t\t<div class=\"elementor-column elementor-col-100 elementor-top-column elementor-element elementor-element-8f0cd89\" data-id=\"8f0cd89\" data-element_type=\"column\" data-settings=\"{&quot;background_background&quot;:&quot;classic&quot;}\">\n\t\t\t<div class=\"elementor-widget-wrap elementor-element-populated\">\n\t\t\t\t\t\t\t\t<div class=\"elementor-element elementor-element-c6111fd elementor-widget elementor-widget-heading\" data-id=\"c6111fd\" data-element_type=\"widget\" data-widget_type=\"heading.default\">\n\t\t\t\t<div class=\"elementor-widget-container\">\n\t\t\t<style>\/*! elementor - v3.6.5 - 27-04-2022 *\/\n.elementor-heading-title{padding:0;margin:0;line-height:1}.elementor-widget-heading .elementor-heading-title[class*=elementor-size-]>a{color:inherit;font-size:inherit;line-height:inherit}.elementor-widget-heading .elementor-heading-title.elementor-size-small{font-size:15px}.elementor-widget-heading .elementor-heading-title.elementor-size-medium{font-size:19px}.elementor-widget-heading .elementor-heading-title.elementor-size-large{font-size:29px}.elementor-widget-heading .elementor-heading-title.elementor-size-xl{font-size:39px}.elementor-widget-heading .elementor-heading-title.elementor-size-xxl{font-size:59px}<\/style><h2 class=\"elementor-heading-title elementor-size-xxl\">Qui suis-je ?<\/h2>\t\t<\/div>\n\t\t\t\t<\/div>\n\t\t\t\t\t<\/div>\n\t\t<\/div>\n\t\t\t\t\t\t\t<\/div>\n\t\t<\/section>\n\t\t\t\t<section class=\"elementor-section elementor-top-section elementor-element elementor-element-6db3136 elementor-section-boxed elementor-section-height-default elementor-section-height-default\" data-id=\"6db3136\" data-element_type=\"section\" data-settings=\"{&quot;background_background&quot;:&quot;classic&quot;}\">\n\t\t\t\t\t\t<div class=\"elementor-container elementor-column-gap-default\">\n\t\t\t\t\t<div class=\"elementor-column elementor-col-50 elementor-top-column elementor-element elementor-element-a85ec70\" data-id=\"a85ec70\" data-element_type=\"column\" data-settings=\"{&quot;background_background&quot;:&quot;classic&quot;}\">\n\t\t\t<div class=\"elementor-widget-wrap elementor-element-populated\">\n\t\t\t\t\t\t\t\t<div class=\"elementor-element elementor-element-38f5fbc elementor-widget elementor-widget-image\" data-id=\"38f5fbc\" data-element_type=\"widget\" data-widget_type=\"image.default\">\n\t\t\t\t<div class=\"elementor-widget-container\">\n\t\t\t<style>\/*! elementor - v3.6.5 - 27-04-2022 *\/\n.elementor-widget-image{text-align:center}.elementor-widget-image a{display:inline-block}.elementor-widget-image a img[src$=\".svg\"]{width:48px}.elementor-widget-image img{vertical-align:middle;display:inline-block}<\/style>\t\t\t\t\t\t\t\t\t\t\t\t<img width=\"225\" height=\"300\" src=\"https:\/\/domitilledsophrologue.fr\/wp-content\/uploads\/2024\/06\/received_1531793381019366-225x300.jpeg\" class=\"attachment-medium size-medium\" alt=\"\" loading=\"lazy\" srcset=\"https:\/\/domitilledsophrologue.fr\/wp-content\/uploads\/2024\/06\/received_1531793381019366-225x300.jpeg 225w, https:\/\/domitilledsophrologue.fr\/wp-content\/uploads\/2024\/06\/received_1531793381019366.jpeg 750w\" sizes=\"(max-width: 225px) 100vw, 225px\" \/>\t\t\t\t\t\t\t\t\t\t\t\t\t\t\t<\/div>\n\t\t\t\t<\/div>\n\t\t\t\t\t<\/div>\n\t\t<\/div>\n\t\t\t\t<div class=\"elementor-column elementor-col-50 elementor-top-column elementor-element elementor-element-98e962b\" data-id=\"98e962b\" data-element_type=\"column\" data-settings=\"{&quot;background_background&quot;:&quot;classic&quot;}\">\n\t\t\t<div class=\"elementor-widget-wrap elementor-element-populated\">\n\t\t\t\t\t\t\t\t<div class=\"elementor-element elementor-element-0b35d27 elementor-widget elementor-widget-text-editor\" data-id=\"0b35d27\" data-element_type=\"widget\" data-widget_type=\"text-editor.default\">\n\t\t\t\t<div class=\"elementor-widget-container\">\n\t\t\t<style>\/*! elementor - v3.6.5 - 27-04-2022 *\/\n.elementor-widget-text-editor.elementor-drop-cap-view-stacked .elementor-drop-cap{background-color:#818a91;color:#fff}.elementor-widget-text-editor.elementor-drop-cap-view-framed .elementor-drop-cap{color:#818a91;border:3px solid;background-color:transparent}.elementor-widget-text-editor:not(.elementor-drop-cap-view-default) .elementor-drop-cap{margin-top:8px}.elementor-widget-text-editor:not(.elementor-drop-cap-view-default) .elementor-drop-cap-letter{width:1em;height:1em}.elementor-widget-text-editor .elementor-drop-cap{float:left;text-align:center;line-height:1;font-size:50px}.elementor-widget-text-editor .elementor-drop-cap-letter{display:inline-block}<\/style>\t\t\t\t<p><span style=\"color: #ffffff;\">L&rsquo;\u00e9change, l&rsquo;\u00e9coute, la bienveillance m&rsquo;ont toujours anim\u00e9e que ce soit dans le milieu professionnel ou personnel.<\/span><\/p><p><span style=\"color: #ffffff;\">Apr\u00e8s quelques ann\u00e9es dans le soin animalier et le service public, j&rsquo;ai d\u00e9cid\u00e9 d&#8217;emprunter une nouvelle voie professionnelle correspondant davantage \u00e0 ma personnalit\u00e9 et \u00e0 mes aptitudes.<\/span><\/p><p><span style=\"color: #ffffff;\">D\u00e9sireuse de devenir une professionnelle de la Relation d\u2019Aide, je me suis form\u00e9e \u00e0 la Sophrologie \u00e0 l\u2019\u00e9cole de Somatoth\u00e9rapie et de Sophrologie Appliqu\u00e9es de William Bonnet, lui-m\u00eame sophrologue et psychologue, \u00e0 Tours (37). Je suis \u00e9galement adh\u00e9rente \u00e0 la Chambre Syndicale de Sophrologie.<\/span><\/p><p><span style=\"color: #ffffff;\">J&rsquo;aborde la sophrologie en \u00e9tant intimement persuad\u00e9e que chacun \u00e0 la capacit\u00e9 de trouver les ressources n\u00e9cessaires en soi pour surmonter les difficult\u00e9s rencontr\u00e9es dans la vie ainsi qu&rsquo;am\u00e9liorer son bien \u00eatre g\u00e9n\u00e9ral. Simplement, parfois un accompagnement est n\u00e9cessaire pour les retrouver et les exploiter.<\/span><\/p><p><span style=\"color: #ffffff;\">Je me suis \u00e9galement form\u00e9e \u00e0 l&rsquo;accompagnement holistique \u00e0 l&rsquo;\u00e9cole de C\u00e9cile Calichon dans le Var (83).\u00a0<\/span><span style=\"color: #ffffff; font-family: var( --e-global-typography-text-font-family ), Sans-serif; font-size: inherit;\">De la m\u00eame mani\u00e8re que la sophrologie, l&rsquo;accompagnement holistique trouve les solutions en vous, \u00e0 l&rsquo;aide de votre inconscient, afin de vous lib\u00e9rer de vos conflits internes et externes.<\/span><\/p>\t\t\t\t\t\t<\/div>\n\t\t\t\t<\/div>\n\t\t\t\t\t<\/div>\n\t\t<\/div>\n\t\t\t\t\t\t\t<\/div>\n\t\t<\/section>\n\t\t\t\t<section class=\"elementor-section elementor-top-section elementor-element elementor-element-dfeec38 elementor-section-boxed elementor-section-height-default elementor-section-height-default\" data-id=\"dfeec38\" data-element_type=\"section\" data-settings=\"{&quot;background_background&quot;:&quot;classic&quot;}\">\n\t\t\t\t\t\t<div class=\"elementor-container elementor-column-gap-default\">\n\t\t\t\t\t<div class=\"elementor-column elementor-col-100 elementor-top-column elementor-element elementor-element-c849c3e\" data-id=\"c849c3e\" data-element_type=\"column\" data-settings=\"{&quot;background_background&quot;:&quot;classic&quot;}\">\n\t\t\t<div class=\"elementor-widget-wrap elementor-element-populated\">\n\t\t\t\t\t\t\t\t<div class=\"elementor-element elementor-element-8085db9 elementor-widget elementor-widget-image\" data-id=\"8085db9\" data-element_type=\"widget\" data-widget_type=\"image.default\">\n\t\t\t\t<div class=\"elementor-widget-container\">\n\t\t\t\t\t\t\t\t\t\t\t\t\t\t\t<img width=\"750\" height=\"448\" src=\"https:\/\/domitilledsophrologue.fr\/wp-content\/uploads\/2023\/04\/lavande.jpg\" class=\"attachment-large size-large\" alt=\"\" loading=\"lazy\" srcset=\"https:\/\/domitilledsophrologue.fr\/wp-content\/uploads\/2023\/04\/lavande.jpg 960w, https:\/\/domitilledsophrologue.fr\/wp-content\/uploads\/2023\/04\/lavande-300x179.jpg 300w, https:\/\/domitilledsophrologue.fr\/wp-content\/uploads\/2023\/04\/lavande-768x459.jpg 768w\" sizes=\"(max-width: 750px) 100vw, 750px\" \/>\t\t\t\t\t\t\t\t\t\t\t\t\t\t\t<\/div>\n\t\t\t\t<\/div>\n\t\t\t\t\t<\/div>\n\t\t<\/div>\n\t\t\t\t\t\t\t<\/div>\n\t\t<\/section>\n\t\t\t\t<section class=\"elementor-section elementor-top-section elementor-element elementor-element-ddef18b elementor-section-boxed elementor-section-height-default elementor-section-height-default\" data-id=\"ddef18b\" data-element_type=\"section\">\n\t\t\t\t\t\t<div class=\"elementor-container elementor-column-gap-default\">\n\t\t\t\t\t<div class=\"elementor-column elementor-col-100 elementor-top-column elementor-element elementor-element-3b89763\" data-id=\"3b89763\" data-element_type=\"column\" data-settings=\"{&quot;background_background&quot;:&quot;classic&quot;}\">\n\t\t\t<div class=\"elementor-widget-wrap elementor-element-populated\">\n\t\t\t\t\t\t\t\t<div class=\"elementor-element elementor-element-7457a0b elementor-widget elementor-widget-spacer\" data-id=\"7457a0b\" data-element_type=\"widget\" data-widget_type=\"spacer.default\">\n\t\t\t\t<div class=\"elementor-widget-container\">\n\t\t\t<style>\/*! elementor - v3.6.5 - 27-04-2022 *\/\n.e-container.e-container--row .elementor-spacer-inner{width:var(--spacer-size)}.e-container.e-container--column .elementor-spacer-inner,.elementor-column .elementor-spacer-inner{height:var(--spacer-size)}<\/style>\t\t<div class=\"elementor-spacer\">\n\t\t\t<div class=\"elementor-spacer-inner\"><\/div>\n\t\t<\/div>\n\t\t\t\t<\/div>\n\t\t\t\t<\/div>\n\t\t\t\t\t<\/div>\n\t\t<\/div>\n\t\t\t\t\t\t\t<\/div>\n\t\t<\/section>\n\t\t\t\t\t\t\t<\/div>\n\t\t","protected":false},"excerpt":{"rendered":"<p>Qui suis-je ? L&rsquo;\u00e9change, l&rsquo;\u00e9coute, la bienveillance m&rsquo;ont toujours anim\u00e9e que ce soit dans le milieu professionnel ou personnel. Apr\u00e8s quelques ann\u00e9es dans le soin animalier et le service public, j&rsquo;ai d\u00e9cid\u00e9 d&#8217;emprunter une nouvelle voie professionnelle correspondant davantage \u00e0 ma personnalit\u00e9 et \u00e0 mes aptitudes. D\u00e9sireuse de devenir une [&hellip;]<\/p>\n","protected":false},"author":1,"featured_media":0,"parent":0,"menu_order":0,"comment_status":"closed","ping_status":"closed","template":"page-templates\/template-pagebuilder-full-width.php","meta":{"om_disable_all_campaigns":false,"_monsterinsights_skip_tracking":false,"_monsterinsights_sitenote_active":false,"_monsterinsights_sitenote_note":"","_monsterinsights_sitenote_category":0},"_links":{"self":[{"href":"https:\/\/domitilledsophrologue.fr\/index.php?rest_route=\/wp\/v2\/pages\/30"}],"collection":[{"href":"https:\/\/domitilledsophrologue.fr\/index.php?rest_route=\/wp\/v2\/pages"}],"about":[{"href":"https:\/\/domitilledsophrologue.fr\/index.php?rest_route=\/wp\/v2\/types\/page"}],"author":[{"embeddable":true,"href":"https:\/\/domitilledsophrologue.fr\/index.php?rest_route=\/wp\/v2\/users\/1"}],"replies":[{"embeddable":true,"href":"https:\/\/domitilledsophrologue.fr\/index.php?rest_route=%2Fwp%2Fv2%2Fcomments&post=30"}],"version-history":[{"count":92,"href":"https:\/\/domitilledsophrologue.fr\/index.php?rest_route=\/wp\/v2\/pages\/30\/revisions"}],"predecessor-version":[{"id":572,"href":"https:\/\/domitilledsophrologue.fr\/index.php?rest_route=\/wp\/v2\/pages\/30\/revisions\/572"}],"wp:attachment":[{"href":"https:\/\/domitilledsophrologue.fr\/index.php?rest_route=%2Fwp%2Fv2%2Fmedia&parent=30"}],"curies":[{"name":"wp","href":"https:\/\/api.w.org\/{rel}","templated":true}]}}